{"id":51,"date":"2015-04-07T19:06:26","date_gmt":"2015-04-07T19:06:26","guid":{"rendered":"http:\/\/www.danielaguilarblog.com\/l7next\/?page_id=51"},"modified":"2017-05-03T16:45:30","modified_gmt":"2017-05-03T16:45:30","slug":"workshops","status":"publish","type":"page","link":"https:\/\/www.danielaguilarblog.com\/l7next\/workshops\/","title":{"rendered":"Workshops"},"content":{"rendered":"<p><strong>LUZMEXICANA Puerto Vallarta 2017<br \/>\n<\/strong>Info:<strong> info@danielaguilar.net<br \/>\n<\/strong><\/p>\n<p><strong>JUNIO 27-28. 2017<br \/>\n10 Lugares disponibles.<br \/>\n<\/strong>Info:<strong> info@danielaguilar.net<br \/>\n<\/strong><\/p>\n<p><a href=\"http:\/\/www.danielaguilarblog.com\/l7next\/wp-content\/uploads\/2015\/04\/luzmxpvr.jpg\"><img loading=\"lazy\" decoding=\"async\" class=\"aligncenter size-full wp-image-218\" src=\"http:\/\/www.danielaguilarblog.com\/l7next\/wp-content\/uploads\/2015\/04\/luzmxpvr.jpg\" alt=\"\" width=\"1024\" height=\"1024\" srcset=\"https:\/\/www.danielaguilarblog.com\/l7next\/wp-content\/uploads\/2015\/04\/luzmxpvr.jpg 1024w, https:\/\/www.danielaguilarblog.com\/l7next\/wp-content\/uploads\/2015\/04\/luzmxpvr-150x150.jpg 150w, https:\/\/www.danielaguilarblog.com\/l7next\/wp-content\/uploads\/2015\/04\/luzmxpvr-300x300.jpg 300w, https:\/\/www.danielaguilarblog.com\/l7next\/wp-content\/uploads\/2015\/04\/luzmxpvr-768x768.jpg 768w\" sizes=\"auto, (max-width: 1024px) 100vw, 1024px\" \/><\/a><\/p>\n<p>En este taller #LUZMEXICANA vamos a tratar tres temas principalmente. El taller consta de trabajar con luz ambiente y natural durante la primera mitad del primer d\u00eda para poder dominar cualquier situaci\u00f3n de luz en cualquier momento. Durante las pr\u00e1cticas de luz veremos tambi\u00e9n el tema de posar de mejor manera a nuestros sujetos.<\/p>\n<p>La segunda mitad del d\u00eda va enfocada a trabajar mucho la mejor\u00eda de la composici\u00f3n y la intenci\u00f3n de la fotograf\u00eda y vamos a hablar de como trabajar con mejores ideas para ser m\u00e1s certeros en nuestra foto documental y en la manera en como contamos la historia de las personas que retratamos.<\/p>\n<p>El siguiente d\u00eda estar\u00e1 dedicado a revisi\u00f3n de trabajos de boda completos, sin edici\u00f3n alguna.<\/p>\n<p>El horario de trabajo ser\u00e1 de 10 AM a 5 PM el primer d\u00eda y el segundo d\u00eda de 10 AM a 3 PM<\/p>\n<p>El costo del taller es de $5,500 pesos y se aparta al lugar con $1,500 pesos via PayPal o dep\u00f3sito a cuenta bancaria. Los espacios no est\u00e1n reservados hasta que el dep\u00f3sito est\u00e9 realizado., igualmente, no hay re-embolso del depo\u00f3sito en caso de cancelaci\u00f3n, pero el lugar si puede ser transferible.<\/p>\n<p>Nos vemos en Vallarta!<\/p>\n<form action=\"https:\/\/www.paypal.com\/cgi-bin\/webscr\" method=\"post\" target=\"_top\">\n<input type=\"hidden\" name=\"cmd\" value=\"_s-xclick\"><br \/>\n<input type=\"hidden\" name=\"hosted_button_id\" value=\"KKD7JCQ2M5AMG\"><\/p>\n<table>\n<tr>\n<td><input type=\"hidden\" name=\"on0\" value=\"LuzMexicana Vallarta\">LuzMexicana Vallarta<\/td>\n<\/tr>\n<tr>\n<td><select name=\"os0\"><option value=\"Apartado Luzmexicana PVR 2017\">Apartado Luzmexicana PVR 2017 $1,500.00 MXN<\/option><\/select> <\/td>\n<\/tr>\n<\/table>\n<p><input type=\"hidden\" name=\"currency_code\" value=\"MXN\"><br \/>\n<input type=\"image\" src=\"https:\/\/www.paypalobjects.com\/en_US\/i\/btn\/btn_buynowCC_LG.gif\" border=\"0\" name=\"submit\" alt=\"PayPal - The safer, easier way to pay online!\"><br \/>\n<img loading=\"lazy\" decoding=\"async\" alt=\"\" border=\"0\" src=\"https:\/\/www.paypalobjects.com\/en_US\/i\/scr\/pixel.gif\" width=\"1\" height=\"1\"><br \/>\n<\/form>\n<\/form>\n<p><strong>MXI Sept 21-22 2016 &#8211; BELGIUM.<br \/>\n<\/strong>Info:<strong> info@danielaguilar.net<br \/>\n<\/strong><\/p>\n<p>MXI is a one day and a half workshop for 10 people 12 hours total by Citlalli Rico &amp; Daniel Aguilar. The cost of the workshop is 750Euros (We ask for a $300Euro deposit to book the spot v\u00eda PayPal, the remaining balance can be paid the day of the workshop)<\/p>\n<p>The program of the workshop is as follows:<\/p>\n<p>Day 1 10am &#8211; 7pm (1 hour lunch break)<br \/>\nLight<br \/>\nWorking with couples \/ natural posing<br \/>\nComposition<br \/>\nSelection and use of lenses<br \/>\nCapturing moments \/ content<br \/>\nStorytelling<\/p>\n<p>Day 2 10am &#8211; 2:00pm<br \/>\nPersonalized portfolio reviews.<\/p>\n<p>Reserve your sport here:<br \/>\n(This button is to make payments for the BELGIUM workshop only. For the Netherlands workshop see the button on the following publication)<\/p>\n<form action=\"https:\/\/www.paypal.com\/cgi-bin\/webscr\" method=\"post\" target=\"_top\"><input name=\"cmd\" type=\"hidden\" value=\"_s-xclick\" \/><br \/>\n<input name=\"hosted_button_id\" type=\"hidden\" value=\"EVEVQW3NGSN44\" \/><\/p>\n<table>\n<tbody>\n<tr>\n<td><input name=\"on0\" type=\"hidden\" value=\"MXI Belgium 2016\" \/>MXI Belgium 2016<\/td>\n<\/tr>\n<tr>\n<td><select name=\"os0\"><option value=\"1 Spot Reserve\">1 Spot Reserve \u20ac300.00 EUR<\/option><\/select><\/td>\n<\/tr>\n<\/tbody>\n<\/table>\n<p><input name=\"currency_code\" type=\"hidden\" value=\"EUR\" \/><br \/>\n<input alt=\"PayPal - The safer, easier way to pay online!\" name=\"submit\" src=\"https:\/\/www.paypalobjects.com\/en_US\/i\/btn\/btn_buynowCC_LG.gif\" type=\"image\" \/><br \/>\n<img loading=\"lazy\" decoding=\"async\" src=\"https:\/\/www.paypalobjects.com\/en_US\/i\/scr\/pixel.gif\" alt=\"\" width=\"1\" height=\"1\" border=\"0\" \/><\/p>\n<\/form>\n<p><strong>MXI Sept 26-27 2016 &#8211; Netherlands.<br \/>\n<\/strong>Info:<strong> info@danielaguilar.net<br \/>\n<\/strong><\/p>\n<p><a href=\"http:\/\/www.danielaguilarblog.com\/l7next\/wp-content\/uploads\/2015\/04\/netherlands.jpg\"><img loading=\"lazy\" decoding=\"async\" class=\"aligncenter size-full wp-image-183\" src=\"http:\/\/www.danielaguilarblog.com\/l7next\/wp-content\/uploads\/2015\/04\/netherlands.jpg\" alt=\"netherlands\" width=\"372\" height=\"200\" srcset=\"https:\/\/www.danielaguilarblog.com\/l7next\/wp-content\/uploads\/2015\/04\/netherlands.jpg 372w, https:\/\/www.danielaguilarblog.com\/l7next\/wp-content\/uploads\/2015\/04\/netherlands-300x161.jpg 300w\" sizes=\"auto, (max-width: 372px) 100vw, 372px\" \/><\/a><\/p>\n<p>MXI is a one day and a half workshop for 10 people 12 hours total by Citlalli Rico &amp; Daniel Aguilar. The cost of the workshop is 750Euros (We ask for a $300Euro deposit to book the spot v\u00eda PayPal, the remaining balance can be paid the day of the workshop)<\/p>\n<p>The program of the workshop is as follows:<\/p>\n<p>Day 1 10am &#8211; 7pm (1 hour lunch break)<br \/>\nLight<br \/>\nWorking with couples \/ natural posing<br \/>\nComposition<br \/>\nSelection and use of lenses<br \/>\nCapturing moments \/ content<br \/>\nStorytelling<\/p>\n<p>Day 2 10am &#8211; 2:00pm<br \/>\nPersonalized portfolio reviews.<\/p>\n<p>Reserve your sport here:<\/p>\n<form action=\"https:\/\/www.paypal.com\/cgi-bin\/webscr\" method=\"post\" target=\"_top\"><input name=\"cmd\" type=\"hidden\" value=\"_s-xclick\" \/><br \/>\n<input name=\"hosted_button_id\" type=\"hidden\" value=\"YB72MXU2QFS6L\" \/><\/p>\n<table>\n<tbody>\n<tr>\n<td><input name=\"on0\" type=\"hidden\" value=\"MXI Netherlands 2016\" \/>MXI Netherlands 2016<\/td>\n<\/tr>\n<tr>\n<td><select name=\"os0\"><option value=\"1 Spot Reserve\">1 Spot Reserve \u20ac300.00 EUR<\/option><\/select><\/td>\n<\/tr>\n<\/tbody>\n<\/table>\n<p><input name=\"currency_code\" type=\"hidden\" value=\"EUR\" \/><br \/>\n<input alt=\"PayPal - The safer, easier way to pay online!\" name=\"submit\" src=\"https:\/\/www.paypalobjects.com\/en_US\/i\/btn\/btn_buynowCC_LG.gif\" type=\"image\" \/><br \/>\n<img loading=\"lazy\" decoding=\"async\" src=\"https:\/\/www.paypalobjects.com\/en_US\/i\/scr\/pixel.gif\" alt=\"\" width=\"1\" height=\"1\" border=\"0\" \/><\/p>\n<\/form>\n<p><strong>August 9-10 &#8211; San Diego, CA.<br \/>\n<\/strong>Info:<strong> info@danielaguilar.net<br \/>\n<\/strong><\/p>\n<p><a href=\"http:\/\/www.danielaguilarblog.com\/l7next\/wp-content\/uploads\/2015\/04\/lzmxsd.jpg\"><img loading=\"lazy\" decoding=\"async\" class=\"aligncenter size-full wp-image-178\" src=\"http:\/\/www.danielaguilarblog.com\/l7next\/wp-content\/uploads\/2015\/04\/lzmxsd.jpg\" alt=\"lzmxsd\" width=\"900\" height=\"600\" srcset=\"https:\/\/www.danielaguilarblog.com\/l7next\/wp-content\/uploads\/2015\/04\/lzmxsd.jpg 900w, https:\/\/www.danielaguilarblog.com\/l7next\/wp-content\/uploads\/2015\/04\/lzmxsd-300x200.jpg 300w, https:\/\/www.danielaguilarblog.com\/l7next\/wp-content\/uploads\/2015\/04\/lzmxsd-768x512.jpg 768w\" sizes=\"auto, (max-width: 900px) 100vw, 900px\" \/><\/a><\/p>\n<p>Luzmexicana is a photography workshop that will teach you how to better use and work with natural ambient light. This two day long workshop will also cover many aspects of documentary wedding photography, we will talk about moment and composition and will cover any other topics that are necessary to improve your photography overall.<\/p>\n<p>During day 2 we will have critiques of all attendees&#8217; work. For any questions you can email Daniel at info@danielaguilar.net<\/p>\n<p>You can reserve your spot or pay in full via Paypal here:<\/p>\n<form action=\"https:\/\/www.paypal.com\/cgi-bin\/webscr\" method=\"post\" target=\"_top\"><input name=\"cmd\" type=\"hidden\" value=\"_s-xclick\" \/><br \/>\n<input name=\"hosted_button_id\" type=\"hidden\" value=\"ASM45M5RQABKY\" \/><\/p>\n<table>\n<tbody>\n<tr>\n<td><input name=\"on0\" type=\"hidden\" value=\"Luzmexicana SD\" \/>Luzmexicana SD<\/td>\n<\/tr>\n<tr>\n<td><select name=\"os0\"><option value=\"Reserve 1 Spot\">Reserve 1 Spot $200.00 USD<\/option><option value=\"Pay in full\">Pay in full $700.00 USD<\/option><\/select><\/td>\n<\/tr>\n<\/tbody>\n<\/table>\n<p><input name=\"currency_code\" type=\"hidden\" value=\"USD\" \/><br \/>\n<input alt=\"PayPal - The safer, easier way to pay online!\" name=\"submit\" src=\"https:\/\/www.paypalobjects.com\/en_US\/i\/btn\/btn_buynowCC_LG.gif\" type=\"image\" \/><br \/>\n<img loading=\"lazy\" decoding=\"async\" src=\"https:\/\/www.paypalobjects.com\/en_US\/i\/scr\/pixel.gif\" alt=\"\" width=\"1\" height=\"1\" border=\"0\" \/><\/p>\n<\/form>\n<p>See you there!!<\/p>\n<p><strong>Agosto 3-4 &#8211; M\u00e9rida, Yucat\u00e1n.<br \/>\n<\/strong>Info:<strong> info@danielaguilar.net<\/strong><\/p>\n<p><a href=\"http:\/\/www.danielaguilarblog.com\/l7next\/wp-content\/uploads\/2015\/04\/MIDws.jpg\"><img loading=\"lazy\" decoding=\"async\" class=\"aligncenter size-full wp-image-175\" src=\"http:\/\/www.danielaguilarblog.com\/l7next\/wp-content\/uploads\/2015\/04\/MIDws.jpg\" alt=\"MIDws\" width=\"900\" height=\"600\" srcset=\"https:\/\/www.danielaguilarblog.com\/l7next\/wp-content\/uploads\/2015\/04\/MIDws.jpg 900w, https:\/\/www.danielaguilarblog.com\/l7next\/wp-content\/uploads\/2015\/04\/MIDws-300x200.jpg 300w, https:\/\/www.danielaguilarblog.com\/l7next\/wp-content\/uploads\/2015\/04\/MIDws-768x512.jpg 768w\" sizes=\"auto, (max-width: 900px) 100vw, 900px\" \/><\/a><\/p>\n<p>LUZMEXICANA es un taller de fotograf\u00eda de 2 d\u00edas dedicado a comprender el uso de la luz ambiente y natural al momento de documentar un evento o hacer un retrato.<\/p>\n<p>El taller se enfoca en entender y apreciar a detalle el comportamiento de la luz natural sin la ayuda de ninguna luz externa lo cual nos permite aprovechar al m\u00e1ximo cualquier locacion sin importar la hora del d\u00eda o las circunstancias de luz.<\/p>\n<p>LUZMEXICANA tambi\u00e9n se enfoca en gran parte a entener cu\u00e1les son los errores m\u00e1s comunes en luz, composici\u00f3n y momento en la fotograf\u00eda documental de los asistentes y finaliza con una revisi\u00f3n en grupo del trabajo m\u00e1s reciento de los participantes.<\/p>\n<p>Puedes separar tu lugar con el 50% de anticipo \u00f3 dar el pago total del taller atrav\u00e9z de PayPal \u00f3 por dep\u00f3sito a cuenta bancaria.<\/p>\n<form action=\"https:\/\/www.paypal.com\/cgi-bin\/webscr\" method=\"post\" target=\"_top\"><input name=\"cmd\" type=\"hidden\" value=\"_s-xclick\" \/><br \/>\n<input name=\"hosted_button_id\" type=\"hidden\" value=\"TKVSK77ERCY2W\" \/><\/p>\n<table>\n<tbody>\n<tr>\n<td><input name=\"on0\" type=\"hidden\" value=\"Inscripcion LZMXMID\" \/>Inscripcion LZMXMID<\/td>\n<\/tr>\n<tr>\n<td><select name=\"os0\"><option value=\"1 Plaza Apartado\">1 Plaza Apartado $3,500.00 MXN<\/option><option value=\"1 Plaza Pago Total\">1 Plaza Pago Total $7,000.00 MXN<\/option><\/select><\/td>\n<\/tr>\n<\/tbody>\n<\/table>\n<p><input name=\"currency_code\" type=\"hidden\" value=\"MXN\" \/><br \/>\n<input alt=\"PayPal - The safer, easier way to pay online!\" name=\"submit\" src=\"https:\/\/www.paypalobjects.com\/en_US\/i\/btn\/btn_buynowCC_LG.gif\" type=\"image\" \/><br \/>\n<img loading=\"lazy\" decoding=\"async\" src=\"https:\/\/www.paypalobjects.com\/en_US\/i\/scr\/pixel.gif\" alt=\"\" width=\"1\" height=\"1\" border=\"0\" \/><\/p>\n<\/form>\n<p>Nos vemos en M\u00e9rida!<\/p>\n<p><strong>Abril 27-28 &#8211; Guadalajara, Jalisco.<br \/>\n<\/strong>Info:<strong> info@danielaguilar.net<br \/>\n<\/strong><\/p>\n<p><a href=\"http:\/\/www.danielaguilarblog.com\/l7next\/wp-content\/uploads\/2016\/02\/lmxgdl.jpg\"><img loading=\"lazy\" decoding=\"async\" class=\"aligncenter size-full wp-image-152\" src=\"http:\/\/www.danielaguilarblog.com\/l7next\/wp-content\/uploads\/2016\/02\/lmxgdl.jpg\" width=\"900\" height=\"600\" \/><\/a><\/p>\n<p>LUZMEXICANA es un taller de fotograf\u00eda de 2 d\u00edas dedicado a comprender el uso de la luz ambiente y natural al momento de documentar un evento o hacer un retrato.<\/p>\n<p>El taller se enfoca en entender y apreciar a detalle el comportamiento de la luz natural sin la ayuda de ninguna luz externa lo cual nos permite aprovechar al m\u00e1ximo cualquier locacion sin importar la hora del d\u00eda o las circunstancias de luz.<\/p>\n<p>LUZMEXICANA tambi\u00e9n se enfoca en gran parte a entener cu\u00e1les son los errores m\u00e1s comunes en luz, composici\u00f3n y momento en la fotograf\u00eda documental de los asistentes y finaliza con una revisi\u00f3n en grupo del trabajo m\u00e1s reciento de los participantes.<\/p>\n<p>Puedes separar tu lugar con el 50% de anticipo \u00f3 dar el pago total del taller atrav\u00e9z de PayPal \u00f3 por dep\u00f3sito a cuenta bancaria.<\/p>\n<form action=\"https:\/\/www.paypal.com\/cgi-bin\/webscr\" method=\"post\" target=\"_top\"><input name=\"cmd\" type=\"hidden\" value=\"_s-xclick\" \/><br \/>\n<input name=\"hosted_button_id\" type=\"hidden\" value=\"TKVSK77ERCY2W\" \/><\/p>\n<table>\n<tbody>\n<tr>\n<td><input name=\"on0\" type=\"hidden\" value=\"Inscripcion LZMXGDL\" \/>Inscripcion LZMXGDL<\/td>\n<\/tr>\n<tr>\n<td><select name=\"os0\"><option value=\"1 Plaza Apartado\">1 Plaza Apartado $3,500.00 MXN<\/option><option value=\"1 Plaza Pago Total\">1 Plaza Pago Total $7,000.00 MXN<\/option><\/select><\/td>\n<\/tr>\n<\/tbody>\n<\/table>\n<p><input name=\"currency_code\" type=\"hidden\" value=\"MXN\" \/><br \/>\n<input alt=\"PayPal - The safer, easier way to pay online!\" name=\"submit\" src=\"https:\/\/www.paypalobjects.com\/en_US\/i\/btn\/btn_buynowCC_LG.gif\" type=\"image\" \/><br \/>\n<img loading=\"lazy\" decoding=\"async\" src=\"https:\/\/www.paypalobjects.com\/en_US\/i\/scr\/pixel.gif\" alt=\"\" width=\"1\" height=\"1\" border=\"0\" \/><\/p>\n<\/form>\n<p>Nos vemos en Guadalajara!<\/p>\n<p>MXI Spain 2016<br \/>\nAbril 14, 15<\/p>\n<p>Aqu\u00ed puedes separar el lugar para este taller en Espa\u00f1a con Citlalli Rico y Daniel Aguilar el 14 y 15 de Abril del 2016<\/p>\n<form action=\"https:\/\/www.paypal.com\/cgi-bin\/webscr\" method=\"post\" target=\"_top\"><input name=\"cmd\" type=\"hidden\" value=\"_s-xclick\" \/><br \/>\n<input name=\"hosted_button_id\" type=\"hidden\" value=\"F4KUL8QUHJFZ6\" \/><\/p>\n<table>\n<tbody>\n<tr>\n<td><input name=\"on0\" type=\"hidden\" value=\"Duo ESP 2016\" \/>Duo ESP 2016<\/td>\n<\/tr>\n<tr>\n<td><select name=\"os0\"><option value=\"1 Lugar Apartado\">1 Lugar Apartado \u20ac200.00 EUR<\/option><\/select><\/td>\n<\/tr>\n<\/tbody>\n<\/table>\n<p><input name=\"currency_code\" type=\"hidden\" value=\"EUR\" \/><br \/>\n<input alt=\"PayPal - The safer, easier way to pay online!\" name=\"submit\" src=\"https:\/\/www.paypalobjects.com\/en_US\/i\/btn\/btn_buynowCC_LG.gif\" type=\"image\" \/><br \/>\n<img loading=\"lazy\" decoding=\"async\" src=\"https:\/\/www.paypalobjects.com\/en_US\/i\/scr\/pixel.gif\" alt=\"\" width=\"1\" height=\"1\" border=\"0\" \/><\/p>\n<\/form>\n<p>Para separar el lugar utiliza el bot\u00f3n de PayPal y el pago de los 350 Euros restantes ser\u00e1 el d\u00eda del taller.<\/p>\n<p>Para m\u00e1s informes puedes contactarnos a info@citlallirico.com<\/p>\n<p>November 19, Canc\u00fan, QR.<br \/>\nInfo: info@danielaguilar.net<\/p>\n<p><a href=\"http:\/\/www.danielaguilarblog.com\/l7next\/wp-content\/uploads\/2015\/04\/cancunl7.jpg\"><img loading=\"lazy\" decoding=\"async\" class=\"aligncenter size-full wp-image-152\" src=\"http:\/\/www.danielaguilarblog.com\/l7next\/wp-content\/uploads\/2015\/04\/cancunl7.jpg\" alt=\"cancunl7\" width=\"900\" height=\"600\" srcset=\"https:\/\/www.danielaguilarblog.com\/l7next\/wp-content\/uploads\/2015\/04\/cancunl7.jpg 900w, https:\/\/www.danielaguilarblog.com\/l7next\/wp-content\/uploads\/2015\/04\/cancunl7-300x200.jpg 300w\" sizes=\"auto, (max-width: 900px) 100vw, 900px\" \/><\/a><\/p>\n<p>Light 7 es un taller de fotograf\u00eda enfocado en aprender a entender y dominar el uso de la luz ambiente para crear im\u00e1genes memorables en cualquier situaci\u00f3n de luz que se presente durante el d\u00eda. Adem\u00e1s de un extensivo estudio del uso de la luz del d\u00eda, el taller cubre varios aspectos relacionados con la direcci\u00f3n y pose de una pareja y la post-producci\u00f3n de im\u00e1genes.<\/p>\n<p>En Light7 tambi\u00e9n se tomar\u00e1 mucho en cuenta el estudio de la composici\u00f3n, momento y conexi\u00f3n con los sujetos para crear una foto documental de mayor impacto y significado para nuestros clients.<\/p>\n<p>Una breve revisi\u00f3n de portaflios es voluntaria y opcional en este taller.<\/p>\n<p>Puedes apartar tu lugar aqu\u00ed:<\/p>\n<form action=\"https:\/\/www.paypal.com\/cgi-bin\/webscr\" method=\"post\" target=\"_top\"><input name=\"cmd\" type=\"hidden\" value=\"_s-xclick\" \/><br \/>\n<input name=\"hosted_button_id\" type=\"hidden\" value=\"TKVSK77ERCY2W\" \/><\/p>\n<table>\n<tbody>\n<tr>\n<td><input name=\"on0\" type=\"hidden\" value=\"Inscripcion L7CUN\" \/>Inscripcion L7CUN<\/td>\n<\/tr>\n<tr>\n<td><select name=\"os0\"><option value=\"1 Plaza Apartado\">1 Plaza Apartado $1,000.00 MXN<\/option><option value=\"1 Plaza Pago Total\">1 Plaza Pago Total $5,000.00 MXN<\/option><\/select><\/td>\n<\/tr>\n<\/tbody>\n<\/table>\n<p><input name=\"currency_code\" type=\"hidden\" value=\"MXN\" \/><br \/>\n<input alt=\"PayPal - The safer, easier way to pay online!\" name=\"submit\" src=\"https:\/\/www.paypalobjects.com\/en_US\/i\/btn\/btn_buynowCC_LG.gif\" type=\"image\" \/><br \/>\n<img loading=\"lazy\" decoding=\"async\" src=\"https:\/\/www.paypalobjects.com\/en_US\/i\/scr\/pixel.gif\" alt=\"\" width=\"1\" height=\"1\" border=\"0\" \/><\/p>\n<\/form>\n<p><strong>June 11 &#8211; Beaconsfield, UK.<br \/>\n<\/strong>Info:<strong> info@danielaguilar.net<br \/>\n<\/strong><\/p>\n<p><a href=\"http:\/\/www.danielaguilarblog.com\/l7next\/wp-content\/uploads\/2015\/04\/l7london20151.jpg\"><img loading=\"lazy\" decoding=\"async\" class=\"aligncenter size-full wp-image-126\" src=\"http:\/\/www.danielaguilarblog.com\/l7next\/wp-content\/uploads\/2015\/04\/l7london20151.jpg\" alt=\"l7london2015\" width=\"900\" height=\"600\" srcset=\"https:\/\/www.danielaguilarblog.com\/l7next\/wp-content\/uploads\/2015\/04\/l7london20151.jpg 900w, https:\/\/www.danielaguilarblog.com\/l7next\/wp-content\/uploads\/2015\/04\/l7london20151-300x200.jpg 300w\" sizes=\"auto, (max-width: 900px) 100vw, 900px\" \/><\/a><\/p>\n<p>Light 7 is a photography workshop that will teach you how to better use and work with natural ambient light. This one day long workshop will also cover many aspects of documentary wedding photography such as posing, post production, composition and any other topics that are necessary to improve your photography overall.<\/p>\n<p>A second day of portfolio or wedding work critique and revision is an available option for this Light 7 course. For any questions you can email Daniel at info@danielaguilar.net<\/p>\n<form action=\"https:\/\/www.paypal.com\/cgi-bin\/webscr\" method=\"post\" target=\"_top\"><input name=\"cmd\" type=\"hidden\" value=\"_s-xclick\" \/><br \/>\n<input name=\"hosted_button_id\" type=\"hidden\" value=\"34JUJ6K62XM74\" \/><\/p>\n<table>\n<tbody>\n<tr>\n<td><input name=\"on0\" type=\"hidden\" value=\"Light 7 Beaconsfield\" \/>Light 7 Beaconsfield<\/td>\n<\/tr>\n<tr>\n<td><select name=\"os0\"><option value=\"Reserve 1 Spot\">Reserve 1 Spot \u00a3100.00 GBP<\/option><\/select><\/td>\n<\/tr>\n<\/tbody>\n<\/table>\n<p><input name=\"currency_code\" type=\"hidden\" value=\"GBP\" \/><br \/>\n<input alt=\"PayPal - The safer, easier way to pay online!\" name=\"submit\" src=\"https:\/\/www.paypalobjects.com\/en_US\/i\/btn\/btn_buynowCC_LG.gif\" type=\"image\" \/><br \/>\n<img loading=\"lazy\" decoding=\"async\" src=\"https:\/\/www.paypalobjects.com\/en_US\/i\/scr\/pixel.gif\" alt=\"\" width=\"1\" height=\"1\" border=\"0\" \/><\/p>\n<\/form>\n<p><strong>April 20-23 &#8211; FdF Argentina<\/strong><br \/>\nInfo: <a href=\"http:\/\/forodefotografos.net\/argentina\/\" target=\"_blank\" rel=\"noopener noreferrer\">http:\/\/forodefotografos.net\/argentina\/<br \/>\n<\/a><\/p>\n<p><a href=\"http:\/\/www.danielaguilarblog.com\/l7next\/wp-content\/uploads\/2015\/04\/fdf.jpg\"><img loading=\"lazy\" decoding=\"async\" class=\"aligncenter size-full wp-image-68\" src=\"http:\/\/www.danielaguilarblog.com\/l7next\/wp-content\/uploads\/2015\/04\/fdf.jpg\" alt=\"fdf\" width=\"960\" height=\"307\" srcset=\"https:\/\/www.danielaguilarblog.com\/l7next\/wp-content\/uploads\/2015\/04\/fdf.jpg 960w, https:\/\/www.danielaguilarblog.com\/l7next\/wp-content\/uploads\/2015\/04\/fdf-300x96.jpg 300w\" sizes=\"auto, (max-width: 960px) 100vw, 960px\" \/><\/a><\/p>\n<p><em>Nuevas fechas pr\u00f3ximanente!<a href=\"http:\/\/www.danielaguilarblog.com\/l7next\/wp-content\/uploads\/2015\/02\/sponsors.jpg\"><br \/>\n<img loading=\"lazy\" decoding=\"async\" class=\"aligncenter size-full wp-image-40\" src=\"http:\/\/www.danielaguilarblog.com\/l7next\/wp-content\/uploads\/2015\/02\/sponsors.jpg\" alt=\"sponsors\" width=\"784\" height=\"204\" srcset=\"https:\/\/www.danielaguilarblog.com\/l7next\/wp-content\/uploads\/2015\/02\/sponsors.jpg 784w, https:\/\/www.danielaguilarblog.com\/l7next\/wp-content\/uploads\/2015\/02\/sponsors-300x78.jpg 300w\" sizes=\"auto, (max-width: 784px) 100vw, 784px\" \/><\/a><\/em><\/p>\n","protected":false},"excerpt":{"rendered":"<p>LUZMEXICANA Puerto Vallarta 2017 Info: info@danielaguilar.net JUNIO 27-28. 2017 10 Lugares disponibles. Info: info@danielaguilar.net En este taller #LUZMEXICANA vamos a tratar tres temas principalmente. El taller consta de trabajar con luz ambiente y natural durante la primera mitad del primer d\u00eda para poder dominar cualquier situaci\u00f3n de luz en cualquier momento. Durante las pr\u00e1cticas de &hellip; <a href=\"https:\/\/www.danielaguilarblog.com\/l7next\/workshops\/\" class=\"more-link\">Continue reading <span class=\"screen-reader-text\">Workshops<\/span><\/a><\/p>\n","protected":false},"author":1,"featured_media":52,"parent":0,"menu_order":0,"comment_status":"closed","ping_status":"open","template":"","meta":{"footnotes":""},"class_list":["post-51","page","type-page","status-publish","has-post-thumbnail","hentry"],"_links":{"self":[{"href":"https:\/\/www.danielaguilarblog.com\/l7next\/wp-json\/wp\/v2\/pages\/51","targetHints":{"allow":["GET"]}}],"collection":[{"href":"https:\/\/www.danielaguilarblog.com\/l7next\/wp-json\/wp\/v2\/pages"}],"about":[{"href":"https:\/\/www.danielaguilarblog.com\/l7next\/wp-json\/wp\/v2\/types\/page"}],"author":[{"embeddable":true,"href":"https:\/\/www.danielaguilarblog.com\/l7next\/wp-json\/wp\/v2\/users\/1"}],"replies":[{"embeddable":true,"href":"https:\/\/www.danielaguilarblog.com\/l7next\/wp-json\/wp\/v2\/comments?post=51"}],"version-history":[{"count":45,"href":"https:\/\/www.danielaguilarblog.com\/l7next\/wp-json\/wp\/v2\/pages\/51\/revisions"}],"predecessor-version":[{"id":221,"href":"https:\/\/www.danielaguilarblog.com\/l7next\/wp-json\/wp\/v2\/pages\/51\/revisions\/221"}],"wp:featuredmedia":[{"embeddable":true,"href":"https:\/\/www.danielaguilarblog.com\/l7next\/wp-json\/wp\/v2\/media\/52"}],"wp:attachment":[{"href":"https:\/\/www.danielaguilarblog.com\/l7next\/wp-json\/wp\/v2\/media?parent=51"}],"curies":[{"name":"wp","href":"https:\/\/api.w.org\/{rel}","templated":true}]}}