{"id":2,"date":"2015-02-22T03:35:04","date_gmt":"2015-02-22T03:35:04","guid":{"rendered":"http:\/\/www.danielaguilarblog.com\/l7next\/?page_id=2"},"modified":"2015-04-21T14:40:14","modified_gmt":"2015-04-21T14:40:14","slug":"sample-page","status":"publish","type":"page","link":"https:\/\/www.danielaguilarblog.com\/l7next\/","title":{"rendered":""},"content":{"rendered":"<p>Bienvenido!!!<\/p>\n<p>Aqu\u00ed podr\u00e1s encontrar toda la informaci\u00f3n necesaria para ser parte de alguno de los cursos o mentor\u00edas LIGHT 7 de Daniel Aguilar.<\/p>\n<p>GRACIAS POR TU CONFIANZA!!<\/p>\n<p><a href=\"http:\/\/www.danielaguilarblog.com\/l7next\/wp-content\/uploads\/2015\/02\/sponsors.jpg\"><img loading=\"lazy\" decoding=\"async\" class=\"aligncenter size-full wp-image-40\" src=\"http:\/\/www.danielaguilarblog.com\/l7next\/wp-content\/uploads\/2015\/02\/sponsors.jpg\" alt=\"sponsors\" width=\"784\" height=\"204\" srcset=\"https:\/\/www.danielaguilarblog.com\/l7next\/wp-content\/uploads\/2015\/02\/sponsors.jpg 784w, https:\/\/www.danielaguilarblog.com\/l7next\/wp-content\/uploads\/2015\/02\/sponsors-300x78.jpg 300w\" sizes=\"auto, (max-width: 784px) 100vw, 784px\" \/><\/a><\/p>\n","protected":false},"excerpt":{"rendered":"<p>Bienvenido!!! Aqu\u00ed podr\u00e1s encontrar toda la informaci\u00f3n necesaria para ser parte de alguno de los cursos o mentor\u00edas LIGHT 7 de Daniel Aguilar. GRACIAS POR TU CONFIANZA!!<\/p>\n","protected":false},"author":1,"featured_media":7,"parent":0,"menu_order":0,"comment_status":"open","ping_status":"open","template":"","meta":{"footnotes":""},"class_list":["post-2","page","type-page","status-publish","has-post-thumbnail","hentry"],"_links":{"self":[{"href":"https:\/\/www.danielaguilarblog.com\/l7next\/wp-json\/wp\/v2\/pages\/2","targetHints":{"allow":["GET"]}}],"collection":[{"href":"https:\/\/www.danielaguilarblog.com\/l7next\/wp-json\/wp\/v2\/pages"}],"about":[{"href":"https:\/\/www.danielaguilarblog.com\/l7next\/wp-json\/wp\/v2\/types\/page"}],"author":[{"embeddable":true,"href":"https:\/\/www.danielaguilarblog.com\/l7next\/wp-json\/wp\/v2\/users\/1"}],"replies":[{"embeddable":true,"href":"https:\/\/www.danielaguilarblog.com\/l7next\/wp-json\/wp\/v2\/comments?post=2"}],"version-history":[{"count":5,"href":"https:\/\/www.danielaguilarblog.com\/l7next\/wp-json\/wp\/v2\/pages\/2\/revisions"}],"predecessor-version":[{"id":119,"href":"https:\/\/www.danielaguilarblog.com\/l7next\/wp-json\/wp\/v2\/pages\/2\/revisions\/119"}],"wp:featuredmedia":[{"embeddable":true,"href":"https:\/\/www.danielaguilarblog.com\/l7next\/wp-json\/wp\/v2\/media\/7"}],"wp:attachment":[{"href":"https:\/\/www.danielaguilarblog.com\/l7next\/wp-json\/wp\/v2\/media?parent=2"}],"curies":[{"name":"wp","href":"https:\/\/api.w.org\/{rel}","templated":true}]}}